{"id":10498,"date":"2022-06-21T13:18:22","date_gmt":"2022-06-21T13:18:22","guid":{"rendered":"\/\/\/en\/kayttoehdot\/"},"modified":"2022-07-18T12:24:55","modified_gmt":"2022-07-18T12:24:55","slug":"kayttoehdot","status":"publish","type":"page","link":"https:\/\/www.delamode-finland.com\/fi\/kayttoehdot\/","title":{"rendered":"K\u00e4ytt\u00f6ehdot"},"content":{"rendered":"<h3 style=\"line-height: normal;\"><span lang=\"FI\">K\u00e4ytt\u00f6ehdot<\/span><\/h3>\n<p>T\u00e4m\u00e4 on Delamoden sivusto. T\u00e4t\u00e4 sivustoa (&#8221;sivusto&#8221;) yll\u00e4pit\u00e4\u00e4 Delamode of 700 Avenue West, Skyline 120, Braintree, Essex, CM77 7AA. Puhelin: 01376 333000. N\u00e4iden k\u00e4ytt\u00f6ehtojen tarkoituksena on s\u00e4\u00e4nnell\u00e4 sivuston k\u00e4ytt\u00f6\u00e4si. Lopeta sivuston k\u00e4ytt\u00f6, jos et hyv\u00e4ksy n\u00e4it\u00e4 k\u00e4ytt\u00f6ehtoja.<\/p>\n<p>Sivuston k\u00e4ytt\u00f6\u00f6si sovelletaan seuraavia ehtoja:<\/p>\n<h3 style=\"line-height: normal;\"><span lang=\"FI\">Tekij\u00e4noikeudet<\/span><\/h3>\n<p>Omistamme tekij\u00e4noikeudet ja tietokantoihin liittyv\u00e4t oikeudet kaikkeen t\u00e4m\u00e4n sivuston sis\u00e4lt\u00f6\u00f6n tai ne on lisensoitu meille. Voit ladata, tallentaa ja tulostaa t\u00e4m\u00e4n sivuston sis\u00e4lt\u00f6\u00e4 vain henkil\u00f6kohtaiseen k\u00e4ytt\u00f6\u00f6n. Kaikki muu t\u00e4m\u00e4n sis\u00e4ll\u00f6n k\u00e4ytt\u00f6 on kielletty, mukaan luettuna sis\u00e4ll\u00f6n toisintaminen kaupallisiin tarkoituksiin lukuun ottamatta soveltuvilta osin vuoden 1988 tekij\u00e4noikeus-, malli- ja patenttilain (Copyright, Designs and Patents Act 1988) ja vuoden 1997 asetuksen tekij\u00e4noikeudesta ja oikeuksista tietokantoihin (Copyright and Rights in Database Regulations 1997) mukaisia poikkeuksia.<\/p>\n<h3 style=\"line-height: normal;\"><span lang=\"FI\">Sis\u00e4lt\u00f6<\/span><\/h3>\n<p>Sivustolla on yleist\u00e4 Delamoden liiketoimintaan liittyv\u00e4\u00e4 tietoa. Sivustolla voidaan my\u00f6s viitata Englannin lain mukaisiin yleisiin periaatteisiin. T\u00e4llaiset tiedot ovat luonteeltaan yleisluontoisia eiv\u00e4tk\u00e4 ne ole oikeudellisia lausuntoja mist\u00e4\u00e4n asioista. Mit\u00e4\u00e4n t\u00e4ll\u00e4 sivustolla julkaistua ei saa tulkita oikeudelliseksi lausunnoksi.<\/p>\n<h3 style=\"line-height: normal;\"><span lang=\"FI\">Linkit<\/span><\/h3>\n<p>Sivustolla voi toisinaan olla linkkej\u00e4 kolmansien osapuolten sivustoille k\u00e4ytt\u00f6mukavuuden lis\u00e4\u00e4miseksi. Emme tue mit\u00e4\u00e4n t\u00e4llaisia kolmansia sivustoja tai niiden sis\u00e4lt\u00f6\u00e4, emmek\u00e4 ole vastuussa n\u00e4iden sivustojen k\u00e4yt\u00f6st\u00e4si.<\/p>\n<h3 style=\"line-height: normal;\"><span lang=\"FI\">Retainer-lauseke<\/span><\/h3>\n<p>Sivustolta voi ottaa meihin yhteytt\u00e4 s\u00e4hk\u00f6postitse. Yhteydenotot ovat pelk\u00e4st\u00e4\u00e4n tietopyynt\u00f6j\u00e4, eiv\u00e4tk\u00e4 ne ole ohjeistuksia ennen kuin siin\u00e4 mahdollisessa tapauksessa, ett\u00e4 vastaamme ja pyyd\u00e4mme ohjeet. Jos hyv\u00e4ksymme antamasi ohjeet, keskin\u00e4iseen suhteemme sovelletaan yleisi\u00e4 palveluehtojamme, jotka l\u00e4hetet\u00e4\u00e4n sinulle s\u00e4hk\u00f6isesti.<\/p>\n<h3 style=\"line-height: normal;\"><span lang=\"FI\">Tietosuojaseloste<\/span><\/h3>\n<p>Delamoden tietosuojaseloste sis\u00e4ltyy n\u00e4ihin k\u00e4ytt\u00f6ehtoihin.<\/p>\n<h3>Muutokset<\/h3>\n<p>Pid\u00e4t\u00e4mme oikeuden muuttaa n\u00e4it\u00e4 ehtoja milloin tahansa.<\/p>\n<h3 style=\"line-height: normal;\"><span lang=\"FI\">K\u00e4ytt\u00f6<\/span><\/h3>\n<p>Jos jatkat sivuston k\u00e4ytt\u00f6\u00e4, hyv\u00e4ksyt n\u00e4m\u00e4 k\u00e4ytt\u00f6ehdot.<\/p>\n<h3 style=\"line-height: normal;\"><span lang=\"FI\">Sovellettava laki ja toimivaltainen tuomioistuin<\/span><\/h3>\n<p>Kaikki sivuston k\u00e4yt\u00f6st\u00e4 johtuvat erimielisyydet ratkaistaan Englannin ja Walesin lakien mukaisesti. Englannin ja Walesin tuomioistuimilla on yksinomainen toimivalta kaikkien t\u00e4llaisten erimielisyyksien ja vaateiden k\u00e4sittelyss\u00e4.<\/p>\n<p>Jos sinulla on sivustoon, tietosuojaselosteeseen tai muihin asianomaisiin k\u00e4ytt\u00f6ehtoihin, k\u00e4yt\u00e4nt\u00f6ihin tai ilmoituksiin tai siihen, miten k\u00e4sittelemme henkil\u00f6tietojasi, liittyv\u00e4\u00e4 kysytt\u00e4v\u00e4\u00e4, kommentoitavaa tai huolenaiheita \u00a0<a href=\"https:\/\/test.delamode-finland.com\/en\/contacts\/\">ota meihin yhteytt\u00e4.<\/a><\/p>\n","protected":false},"excerpt":{"rendered":"<p>K\u00e4ytt\u00f6ehdot T\u00e4m\u00e4 on Delamoden sivusto. T\u00e4t\u00e4 sivustoa (&#8221;sivusto&#8221;) yll\u00e4pit\u00e4\u00e4 Delamode of 700 Avenue West, Skyline 120, Braintree, Essex, CM77 7AA. Puhelin: 01376 333000. N\u00e4iden k\u00e4ytt\u00f6ehtojen tarkoituksena on s\u00e4\u00e4nnell\u00e4 sivuston k\u00e4ytt\u00f6\u00e4si. Lopeta sivuston k\u00e4ytt\u00f6, jos et hyv\u00e4ksy n\u00e4it\u00e4 k\u00e4ytt\u00f6ehtoja. Sivuston k\u00e4ytt\u00f6\u00f6si sovelletaan seuraavia ehtoja: Tekij\u00e4noikeudet Omistamme tekij\u00e4noikeudet ja tietokantoihin liittyv\u00e4t oikeudet kaikkeen t\u00e4m\u00e4n sivuston sis\u00e4lt\u00f6\u00f6n tai [&hellip;]<\/p>\n","protected":false},"author":1,"featured_media":0,"parent":0,"menu_order":0,"comment_status":"closed","ping_status":"closed","template":"","meta":{"_acf_changed":false,"footnotes":""},"class_list":["post-10498","page","type-page","status-publish","hentry"],"acf":[],"yoast_head":"<!-- This site is optimized with the Yoast SEO plugin v27.4 - https:\/\/yoast.com\/product\/yoast-seo-wordpress\/ -->\n<title>K\u00e4ytt\u00f6ehdot | Delamode Finland<\/title>\n<meta name=\"description\" content=\"T\u00e4m\u00e4 on Delamode verkkosivusto. T\u00e4m\u00e4 verkkosivusto toimii kauppanimell\u00e4 Delamode. Lue lis\u00e4\u00e4 t\u00e4\u00e4lt\u00e4.\" \/>\n<meta name=\"robots\" content=\"index, follow, max-snippet:-1, max-image-preview:large, max-video-preview:-1\" \/>\n<link rel=\"canonical\" href=\"https:\/\/lightslategray-gnu-318754.hostingersite.com\/kayttoehdot\/\" \/>\n<meta property=\"og:locale\" content=\"fi_FI\" \/>\n<meta property=\"og:type\" content=\"article\" \/>\n<meta property=\"og:title\" content=\"K\u00e4ytt\u00f6ehdot | Delamode Finland\" \/>\n<meta property=\"og:description\" content=\"T\u00e4m\u00e4 on Delamode verkkosivusto. T\u00e4m\u00e4 verkkosivusto toimii kauppanimell\u00e4 Delamode. Lue lis\u00e4\u00e4 t\u00e4\u00e4lt\u00e4.\" \/>\n<meta property=\"og:url\" content=\"https:\/\/lightslategray-gnu-318754.hostingersite.com\/kayttoehdot\/\" \/>\n<meta property=\"og:site_name\" content=\"Delamode Finland\" \/>\n<meta property=\"article:modified_time\" content=\"2022-07-18T12:24:55+00:00\" \/>\n<meta name=\"twitter:card\" content=\"summary_large_image\" \/>\n<meta name=\"twitter:label1\" content=\"Arvioitu lukuaika\" \/>\n\t<meta name=\"twitter:data1\" content=\"2 minuuttia\" \/>\n<script type=\"application\/ld+json\" class=\"yoast-schema-graph\">{\"@context\":\"https:\\\/\\\/schema.org\",\"@graph\":[{\"@type\":\"WebPage\",\"@id\":\"https:\\\/\\\/lightslategray-gnu-318754.hostingersite.com\\\/kayttoehdot\\\/\",\"url\":\"https:\\\/\\\/lightslategray-gnu-318754.hostingersite.com\\\/kayttoehdot\\\/\",\"name\":\"K\u00e4ytt\u00f6ehdot | Delamode Finland\",\"isPartOf\":{\"@id\":\"https:\\\/\\\/lightslategray-gnu-318754.hostingersite.com\\\/#website\"},\"datePublished\":\"2022-06-21T13:18:22+00:00\",\"dateModified\":\"2022-07-18T12:24:55+00:00\",\"description\":\"T\u00e4m\u00e4 on Delamode verkkosivusto. T\u00e4m\u00e4 verkkosivusto toimii kauppanimell\u00e4 Delamode. Lue lis\u00e4\u00e4 t\u00e4\u00e4lt\u00e4.\",\"breadcrumb\":{\"@id\":\"https:\\\/\\\/lightslategray-gnu-318754.hostingersite.com\\\/kayttoehdot\\\/#breadcrumb\"},\"inLanguage\":\"fi\",\"potentialAction\":[{\"@type\":\"ReadAction\",\"target\":[\"https:\\\/\\\/lightslategray-gnu-318754.hostingersite.com\\\/kayttoehdot\\\/\"]}]},{\"@type\":\"BreadcrumbList\",\"@id\":\"https:\\\/\\\/lightslategray-gnu-318754.hostingersite.com\\\/kayttoehdot\\\/#breadcrumb\",\"itemListElement\":[{\"@type\":\"ListItem\",\"position\":1,\"name\":\"Home\",\"item\":\"https:\\\/\\\/lightslategray-gnu-318754.hostingersite.com\\\/\"},{\"@type\":\"ListItem\",\"position\":2,\"name\":\"K\u00e4ytt\u00f6ehdot\"}]},{\"@type\":\"WebSite\",\"@id\":\"https:\\\/\\\/lightslategray-gnu-318754.hostingersite.com\\\/#website\",\"url\":\"https:\\\/\\\/lightslategray-gnu-318754.hostingersite.com\\\/\",\"name\":\"Delamode UK\",\"description\":\"\",\"publisher\":{\"@id\":\"https:\\\/\\\/lightslategray-gnu-318754.hostingersite.com\\\/#organization\"},\"potentialAction\":[{\"@type\":\"SearchAction\",\"target\":{\"@type\":\"EntryPoint\",\"urlTemplate\":\"https:\\\/\\\/lightslategray-gnu-318754.hostingersite.com\\\/?s={search_term_string}\"},\"query-input\":{\"@type\":\"PropertyValueSpecification\",\"valueRequired\":true,\"valueName\":\"search_term_string\"}}],\"inLanguage\":\"fi\"},{\"@type\":\"Organization\",\"@id\":\"https:\\\/\\\/lightslategray-gnu-318754.hostingersite.com\\\/#organization\",\"name\":\"Delamode\",\"url\":\"https:\\\/\\\/lightslategray-gnu-318754.hostingersite.com\\\/\",\"logo\":{\"@type\":\"ImageObject\",\"inLanguage\":\"fi\",\"@id\":\"https:\\\/\\\/lightslategray-gnu-318754.hostingersite.com\\\/#\\\/schema\\\/logo\\\/image\\\/\",\"url\":\"https:\\\/\\\/www.delamode-uk.com\\\/wp-content\\\/uploads\\\/2021\\\/10\\\/Delamode-official-logo_XPD.png\",\"contentUrl\":\"https:\\\/\\\/www.delamode-uk.com\\\/wp-content\\\/uploads\\\/2021\\\/10\\\/Delamode-official-logo_XPD.png\",\"width\":482,\"height\":175,\"caption\":\"Delamode\"},\"image\":{\"@id\":\"https:\\\/\\\/lightslategray-gnu-318754.hostingersite.com\\\/#\\\/schema\\\/logo\\\/image\\\/\"}}]}<\/script>\n<!-- \/ Yoast SEO plugin. -->","yoast_head_json":{"title":"K\u00e4ytt\u00f6ehdot | Delamode Finland","description":"T\u00e4m\u00e4 on Delamode verkkosivusto. T\u00e4m\u00e4 verkkosivusto toimii kauppanimell\u00e4 Delamode. Lue lis\u00e4\u00e4 t\u00e4\u00e4lt\u00e4.","robots":{"index":"index","follow":"follow","max-snippet":"max-snippet:-1","max-image-preview":"max-image-preview:large","max-video-preview":"max-video-preview:-1"},"canonical":"https:\/\/lightslategray-gnu-318754.hostingersite.com\/kayttoehdot\/","og_locale":"fi_FI","og_type":"article","og_title":"K\u00e4ytt\u00f6ehdot | Delamode Finland","og_description":"T\u00e4m\u00e4 on Delamode verkkosivusto. T\u00e4m\u00e4 verkkosivusto toimii kauppanimell\u00e4 Delamode. Lue lis\u00e4\u00e4 t\u00e4\u00e4lt\u00e4.","og_url":"https:\/\/lightslategray-gnu-318754.hostingersite.com\/kayttoehdot\/","og_site_name":"Delamode Finland","article_modified_time":"2022-07-18T12:24:55+00:00","twitter_card":"summary_large_image","twitter_misc":{"Arvioitu lukuaika":"2 minuuttia"},"schema":{"@context":"https:\/\/schema.org","@graph":[{"@type":"WebPage","@id":"https:\/\/lightslategray-gnu-318754.hostingersite.com\/kayttoehdot\/","url":"https:\/\/lightslategray-gnu-318754.hostingersite.com\/kayttoehdot\/","name":"K\u00e4ytt\u00f6ehdot | Delamode Finland","isPartOf":{"@id":"https:\/\/lightslategray-gnu-318754.hostingersite.com\/#website"},"datePublished":"2022-06-21T13:18:22+00:00","dateModified":"2022-07-18T12:24:55+00:00","description":"T\u00e4m\u00e4 on Delamode verkkosivusto. T\u00e4m\u00e4 verkkosivusto toimii kauppanimell\u00e4 Delamode. Lue lis\u00e4\u00e4 t\u00e4\u00e4lt\u00e4.","breadcrumb":{"@id":"https:\/\/lightslategray-gnu-318754.hostingersite.com\/kayttoehdot\/#breadcrumb"},"inLanguage":"fi","potentialAction":[{"@type":"ReadAction","target":["https:\/\/lightslategray-gnu-318754.hostingersite.com\/kayttoehdot\/"]}]},{"@type":"BreadcrumbList","@id":"https:\/\/lightslategray-gnu-318754.hostingersite.com\/kayttoehdot\/#breadcrumb","itemListElement":[{"@type":"ListItem","position":1,"name":"Home","item":"https:\/\/lightslategray-gnu-318754.hostingersite.com\/"},{"@type":"ListItem","position":2,"name":"K\u00e4ytt\u00f6ehdot"}]},{"@type":"WebSite","@id":"https:\/\/lightslategray-gnu-318754.hostingersite.com\/#website","url":"https:\/\/lightslategray-gnu-318754.hostingersite.com\/","name":"Delamode UK","description":"","publisher":{"@id":"https:\/\/lightslategray-gnu-318754.hostingersite.com\/#organization"},"potentialAction":[{"@type":"SearchAction","target":{"@type":"EntryPoint","urlTemplate":"https:\/\/lightslategray-gnu-318754.hostingersite.com\/?s={search_term_string}"},"query-input":{"@type":"PropertyValueSpecification","valueRequired":true,"valueName":"search_term_string"}}],"inLanguage":"fi"},{"@type":"Organization","@id":"https:\/\/lightslategray-gnu-318754.hostingersite.com\/#organization","name":"Delamode","url":"https:\/\/lightslategray-gnu-318754.hostingersite.com\/","logo":{"@type":"ImageObject","inLanguage":"fi","@id":"https:\/\/lightslategray-gnu-318754.hostingersite.com\/#\/schema\/logo\/image\/","url":"https:\/\/www.delamode-uk.com\/wp-content\/uploads\/2021\/10\/Delamode-official-logo_XPD.png","contentUrl":"https:\/\/www.delamode-uk.com\/wp-content\/uploads\/2021\/10\/Delamode-official-logo_XPD.png","width":482,"height":175,"caption":"Delamode"},"image":{"@id":"https:\/\/lightslategray-gnu-318754.hostingersite.com\/#\/schema\/logo\/image\/"}}]}},"_links":{"self":[{"href":"https:\/\/www.delamode-finland.com\/fi\/wp-json\/wp\/v2\/pages\/10498","targetHints":{"allow":["GET"]}}],"collection":[{"href":"https:\/\/www.delamode-finland.com\/fi\/wp-json\/wp\/v2\/pages"}],"about":[{"href":"https:\/\/www.delamode-finland.com\/fi\/wp-json\/wp\/v2\/types\/page"}],"author":[{"embeddable":true,"href":"https:\/\/www.delamode-finland.com\/fi\/wp-json\/wp\/v2\/users\/1"}],"replies":[{"embeddable":true,"href":"https:\/\/www.delamode-finland.com\/fi\/wp-json\/wp\/v2\/comments?post=10498"}],"version-history":[{"count":1,"href":"https:\/\/www.delamode-finland.com\/fi\/wp-json\/wp\/v2\/pages\/10498\/revisions"}],"predecessor-version":[{"id":10549,"href":"https:\/\/www.delamode-finland.com\/fi\/wp-json\/wp\/v2\/pages\/10498\/revisions\/10549"}],"wp:attachment":[{"href":"https:\/\/www.delamode-finland.com\/fi\/wp-json\/wp\/v2\/media?parent=10498"}],"curies":[{"name":"wp","href":"https:\/\/api.w.org\/{rel}","templated":true}]}}